

{"id":328286,"date":"2024-03-27T21:34:35","date_gmt":"2024-03-27T20:34:35","guid":{"rendered":"https:\/\/maquette.logistics.tech\/?page_id=328286"},"modified":"2025-05-23T15:57:12","modified_gmt":"2025-05-23T13:57:12","slug":"mentions-legales","status":"publish","type":"page","link":"https:\/\/logistics.tech\/en\/mentions-legales\/","title":{"rendered":"LEGAL NOTICE"},"content":{"rendered":"<p>[et_pb_section fb_built=&#8221;1&#8243; _builder_version=&#8221;4.22.2&#8243; _module_preset=&#8221;default&#8221; background_color=&#8221;RGBA(255,255,255,0)&#8221; global_colors_info=&#8221;{}&#8221;][et_pb_row _builder_version=&#8221;4.22.2&#8243; _module_preset=&#8221;default&#8221; global_colors_info=&#8221;{}&#8221;][et_pb_column type=&#8221;4_4&#8243; _builder_version=&#8221;4.22.2&#8243; _module_preset=&#8221;default&#8221; global_colors_info=&#8221;{}&#8221;][digr_gradient_text suffix_title=&#8221;MENTIONS L\u00c9GALES&#8221; use_gradient_color=&#8221;on&#8221; select_gradient_text=&#8221;suffix_gradient_text&#8221; primary_color=&#8221;gcid-a345859c-7956-4f01-a790-ff47f188416f&#8221; primary_color_location=&#8221;13&#8243; secondary_color=&#8221;gcid-c979a965-baee-479a-b9c8-544bf95dd4db&#8221; secondary_color_location=&#8221;78&#8243; angle=&#8221;149&#8243; use_animation=&#8221;on&#8221; select_animation_field=&#8221;suffix_anim&#8221; animation_type=&#8221;digrLoop&#8221; infix_margin_tablet=&#8221;&#8221; infix_margin_phone=&#8221;0px|0px|0px|0px|true|true&#8221; infix_margin_last_edited=&#8221;on|phone&#8221; infix_padding=&#8221;0px|0px|0px|0px|true|false&#8221; suffix_margin=&#8221;0px||0px||false|false&#8221; suffix_padding=&#8221;0px||0px||false|false&#8221; _builder_version=&#8221;4.22.2&#8243; _module_preset=&#8221;default&#8221; global_heading_font=&#8221;Montserrat|900||on|||||&#8221; global_heading_font_size=&#8221;2.6vw&#8221; global_heading_line_height=&#8221;1.2em&#8221; prefix_header_text_color=&#8221;gcid-a345859c-7956-4f01-a790-ff47f188416f&#8221; infix_header_text_color=&#8221;gcid-a345859c-7956-4f01-a790-ff47f188416f&#8221; custom_padding=&#8221;5%||4%||false|false&#8221; animation_style=&#8221;fade&#8221; global_heading_font_size_tablet=&#8221;2.6vw&#8221; global_heading_font_size_phone=&#8221;8vw&#8221; global_heading_font_size_last_edited=&#8221;on|phone&#8221; border_color_all_prefix_border=&#8221;gcid-a345859c-7956-4f01-a790-ff47f188416f&#8221; border_color_all_infix_border=&#8221;gcid-a345859c-7956-4f01-a790-ff47f188416f&#8221; locked=&#8221;off&#8221; global_colors_info=&#8221;{%22gcid-c979a965-baee-479a-b9c8-544bf95dd4db%22:%91%22secondary_color%22%93,%22gcid-a345859c-7956-4f01-a790-ff47f188416f%22:%91%22border_color_all_prefix_border%22,%22border_color_all_infix_border%22,%22prefix_header_text_color%22,%22infix_header_text_color%22,%22primary_color%22%93}&#8221;][\/digr_gradient_text][et_pb_text _builder_version=&#8221;4.22.2&#8243; _module_preset=&#8221;default&#8221; text_font=&#8221;Red Hat Text|300|||||||&#8221; text_font_size=&#8221;21px&#8221; text_line_height=&#8221;1.8em&#8221; global_colors_info=&#8221;{}&#8221;]<\/p>\n<p class=\"p1\">The website www.logistics.tech is published by the company LOGISTICS SAS.<span class=\"s1\"><br \/><\/span>7 rue Michel Labrousse<br \/>31100 Toulouse FRANCE<br \/><span class=\"s2\">SIRET No.: FR17813730124<\/span><span class=\"s1\"><br \/><\/span><\/p>\n<p class=\"p2\">\n<p class=\"p2\"><strong>OWNER AND LEGAL REPRESENTATIVE :<\/strong><\/p>\n<p class=\"p1\">Jean Fran\u00e7ois RENAC<span class=\"s1\"><br \/><\/span>jean-francois.renac@logistics.tech<span class=\"s1\"><br \/><\/span>7 rue Michel Labrousse<br \/>31100 Toulouse FRANCE<\/p>\n<p class=\"p2\">\n<p class=\"p2\"><strong>DIRECTOR AND PUBLICATION MANAGER :<\/strong><\/p>\n<p class=\"p1\">C\u00e9cile ROCHES &#8211; Tel.+33(0)771086985<br \/>Roxane NOMIN\u00c9 &#8211; Tel.+33(0)637593900<\/p>\n<p class=\"p1\">\n<p class=\"p1\"><strong>WEB DESIGN &amp; TECHNICAL DIRECTION<\/strong><\/p>\n<p class=\"p1\">Olivier FONTENIER<br \/>Web et Multim\u00e9dia<br \/>MLOOM Std \u2013 www.olivierfontenier.mloom.com<br \/>16 rue des Pr\u00eatres 31000 Toulouse<\/p>\n<p class=\"p2\">\n<p class=\"p2\"><strong>PROJECT MANAGEMENT \/ WEB ARCHITECTURE \/ CONTENT CREATION :<\/strong><\/p>\n<p class=\"p1\">Sally DOOKHEE<br \/>SDDG&amp;CO &#8211; Conception R\u00e9daction Graphique \u2022 Communication Digitale \u2022 Web et Multim\u00e9dia<br \/>&gt;sally@sddg-and-co.com<br \/>&gt; Tel.+33(0)624161096<\/p>\n<p class=\"p2\"><strong>PHOTO CREDITS<\/strong><\/p>\n<p class=\"p1\">DR, MASTER FILMS, C\u00c9CILE ROCHES<\/p>\n<p class=\"p2\"><strong>WEB HOSTING PROVIDER :<\/strong><\/p>\n<p class=\"p1\">O2switch<\/p>\n<p class=\"p1\">222-224 Boulevard Gustave Flaubert<br \/>63000 Clermont-Ferrand<br \/>SARL au capital de 100 000 euros<br \/>SIRET 510 909 80700024<br \/>RCS Clermont-Ferrand<br \/>Marque d\u00e9pos\u00e9e INPI<\/p>\n<p class=\"p1\">\n<p class=\"p2\"><strong>PERSONAL DATA PROTECTION:<\/strong><\/p>\n<p class=\"p1\">LOGISTICS SAS is committed to providing services that meet your expectations and reaffirm our commitment to the use and protection of your personal data.<\/p>\n<p class=\"p1\">Information collected by LOGISTICS SAS, as data controller, is never disclosed to third parties without your consent.<\/p>\n<p class=\"p1\">LOGISTICS SAS uses these data internally to inform you and promote its products\/services. Access to these data is strictly limited to LOGISTICS SAS employees and its subsidiaries working in sales and\/or marketing communication departments.<\/p>\n<p class=\"p1\">In accordance with Law No. 78-17 of 6 January 1978, amended, on Information Technology, Data Files and Civil Liberties, and the provisions of the GDPR (General Data Protection Regulation, 2016\/679 of 27 April 2016), you may at any time, under the conditions prescribed by law, access your personal data, object to their processing on legitimate grounds, request their rectification, erasure, limitation of processing, portability by sending a simple letter to LOGISTICS SAS, 7 rue Michel Labrousse, 31100 Toulouse FRANCE, or by email to roxane.nomine@logistics.tech. Postal fees will be reimbursed upon simple request.<\/p>\n<p class=\"p1\">In case of dissatisfaction on this subject, you may lodge a complaint with the CNIL at the following address: http:\/\/www.cnil.fr, headquartered at 3 Place de Fontenoy, 75007 Paris.<\/p>\n<p class=\"p1\">\n<p class=\"p1\">\n<p class=\"p2\"><strong>GENERAL CONDITIONS OF WEBSITE USE :<\/strong><\/p>\n<p class=\"p1\">The purpose of this document is to define the terms and conditions under which LOGISTICS SAS, hereinafter referred to as the PUBLISHER, provides users with the website and services available on it, and, on the other hand, the manner in which users access the website and use its services. Access to the site implies compliance with these terms. Simply accessing the PUBLISHER\u2019s site at the URL www.logistics.tech implies acceptance of all the conditions set forth herein.<\/p>\n<p class=\"p2\">\n<p class=\"p2\">\n<p class=\"p2\"><strong>INTELLECTUAL PROPERTY :<\/strong><\/p>\n<p class=\"p1\">The overall structure of the www.logistics.tech website, including texts, graphics, images, sounds, and videos, is the property of the publisher or its partners. Any representation, reproduction, or exploitation, whether partial or complete, of the content and services offered by www.logistics.tech by any means whatsoever without prior written authorization from www.logistics.tech and\/or its partners is strictly prohibited and could constitute infringement under Articles L 335-2 et seq. of the Intellectual Property Code.<\/p>\n<p class=\"p1\">The trademarks \"www.logistics.tech\", \"LOGISTICS SAS\", and \"LOGISTICS GLOBAL EVENTS\" are registered trademarks of LOGISTICS SAS. Any representation, reproduction, or exploitation, partial or total, of these trademarks is strictly prohibited.<\/p>\n<p class=\"p2\">\n<p class=\"p2\">\n<p class=\"p2\"><strong>HYPERLINKS :<\/strong><\/p>\n<p class=\"p1\">The www.logistics.tech website may contain hyperlinks to other websites on the Internet. Links to these other resources cause you to leave www.logistics.tech. LOGISTICS SAS cannot be held responsible for the content of sites accessible via these links provided as a service to users. A link to the homepage of this website may be created without explicit authorization from the PUBLISHER.<\/p>\n<p class=\"p1\">No authorization or prior information request may be demanded by the publisher from a site wishing to establish a link to the publisher's site. However, the linked website should be displayed in a new browser window. Nevertheless, the PUBLISHER reserves the right to request removal of a link it deems inconsistent with the purpose of www.logistics.tech. LOGISTICS SAS declines all responsibility for hyperlinks set up to its website.<\/p>\n<p class=\"p2\">\n<p class=\"p2\"><strong>PUBLISHER\u2019S LIABILITY:<\/strong><\/p>\n<p class=\"p1\">Information and\/or documents appearing on this site and\/or accessible through this site come from sources deemed reliable. However, such information and\/or documents may contain technical inaccuracies and typographical errors. The PUBLISHER reserves the right to correct these errors upon notification. It is strongly recommended to verify the accuracy and relevance of the information and\/or documents provided on this site.<\/p>\n<p class=\"p1\">Information and\/or documents available on this site may be modified at any time and updated. In particular, they may have been updated between the time they were downloaded and the time the user becomes aware of them. Use of information and\/or documents available on this site is under the sole responsibility of the user, who bears all consequences thereof without recourse against the PUBLISHER. The PUBLISHER cannot be held responsible for any damage resulting from the interpretation or use of information\/documents available on this site.<\/p>\n<p class=\"p1\">\n<p class=\"p2\"><strong>SITE ACCESS :<\/strong><\/p>\n<p class=\"p1\">The publisher endeavours to provide access to the website 24\/7, except in cases of force majeure, circumstances beyond the control of the PUBLISHER, or necessary maintenance and breakdowns.<\/p>\n<p class=\"p1\">Consequently, the PUBLISHER cannot guarantee site availability and\/or services, transmission reliability, or performance regarding response time or quality. No technical support is provided to users electronically or telephonically. The publisher cannot be held liable for the inability to access or use the site\/services.<\/p>\n<p class=\"p1\">Moreover, the PUBLISHER may interrupt the website or any service at any time without prior notice or compensation. The user acknowledges and accepts that the PUBLISHER is not responsible for interruptions and any resulting consequences. LOGISTICS SAS and the site authors are not liable for any direct or indirect damage resulting from visiting or inability to access\/use the website content.<\/p>\n<p class=\"p2\">\n<p class=\"p2\">\n<p class=\"p2\"><strong>MODIFICATION OF TERMS OF USE :<\/strong><\/p>\n<p class=\"p1\">The PUBLISHER reserves the right to modify these terms of use at any time without prior notice to adapt them to site changes or operation.<\/p>\n<p class=\"p2\">\n<p class=\"p2\">\n<p class=\"p2\"><strong>INTERNET USAGE RULES :<\/strong><\/p>\n<p class=\"p1\">The user acknowledges accepting the characteristics and limits of the Internet, including the fact that :<br \/>The PUBLISHER assumes no responsibility for services accessible via the Internet and exercises no control over the nature and characteristics of data passing through its server centre.<br \/>Data circulating on the Internet may not be protected against misuse. Communicating sensitive\/confidential information is done at the user's own risk.\nData circulating on the Internet may be regulated or protected by property rights.\nThe user is solely responsible for data usage consulted, queried, or transferred over the Internet.\nThe PUBLISHER has no control over the content of services accessible on the Internet.<\/p>\n<p class=\"p1\">\n<p class=\"p2\"><strong>APPLICABLE LAW :<\/strong><\/p>\n<p class=\"p1\">This site and the conditions of its use are governed by French law, regardless of the user's location. In case of dispute, after the failure of any attempt to reach an amicable solution, French courts shall have exclusive jurisdiction.<\/p>\n<p>&nbsp;<\/p>\n<p class=\"p1\">For any questions relating to these site conditions, please write to :<\/p>\n<p class=\"p1\"><span style=\"font-weight: 400;\">LOGISTICS SAS<\/span><br \/>7 rue Michel Labrousse \u00b7 31100 Toulouse FRANCE<\/p>\n<p>[\/et_pb_text][\/et_pb_column][\/et_pb_row][\/et_pb_section]<\/p>","protected":false},"excerpt":{"rendered":"<p><div class=\"et_pb_with_border et_pb_module digr_gradient_text digr_gradient_text_0 et_animated\">\n\t\t\t\t\n\t\t\t\t\n\t\t\t\t\n\t\t\t\t\n\t\t\t\t\n\t\t\t\t\n\t\t\t\t<div class=\"et_pb_module_inner\">\n\t\t\t\t\t<div class=\"digr_gradient_text_container\">\r\n                <h2 class=\"digr_gradient_title digrLoop\">\r\n            <span class =\"suffix\"><span class =\"digr_gradient_text__header digrgt_animation\">LEGAL NOTICE<\/span><\/span>\r\n            <\/h2>\r\n            <\/div>\n\t\t\t\t<\/div>\n\t\t\t<\/div>Le site www.logistics.tech est \u00e9dit\u00e9 par la soci\u00e9t\u00e9 LOGISTICS SAS.7 rue Michel Labrousse31100 Toulouse FRANCEN\u00b0 SIRET : FR17813730124 PROPRI\u00c9TAIRE ET RESPONSABLE [&hellip;]<\/p>","protected":false},"author":1,"featured_media":0,"parent":0,"menu_order":0,"comment_status":"closed","ping_status":"closed","template":"","meta":{"_acf_changed":false,"_et_pb_use_builder":"on","_et_pb_old_content":"","_et_gb_content_width":"","inline_featured_image":false,"footnotes":""},"dipi_cpt_category":[],"wf_page_folders":[],"class_list":["post-328286","page","type-page","status-publish","hentry"],"acf":[],"_links":{"self":[{"href":"https:\/\/logistics.tech\/en\/wp-json\/wp\/v2\/pages\/328286","targetHints":{"allow":["GET"]}}],"collection":[{"href":"https:\/\/logistics.tech\/en\/wp-json\/wp\/v2\/pages"}],"about":[{"href":"https:\/\/logistics.tech\/en\/wp-json\/wp\/v2\/types\/page"}],"author":[{"embeddable":true,"href":"https:\/\/logistics.tech\/en\/wp-json\/wp\/v2\/users\/1"}],"replies":[{"embeddable":true,"href":"https:\/\/logistics.tech\/en\/wp-json\/wp\/v2\/comments?post=328286"}],"version-history":[{"count":14,"href":"https:\/\/logistics.tech\/en\/wp-json\/wp\/v2\/pages\/328286\/revisions"}],"predecessor-version":[{"id":597058,"href":"https:\/\/logistics.tech\/en\/wp-json\/wp\/v2\/pages\/328286\/revisions\/597058"}],"wp:attachment":[{"href":"https:\/\/logistics.tech\/en\/wp-json\/wp\/v2\/media?parent=328286"}],"wp:term":[{"taxonomy":"dipi_cpt_category","embeddable":true,"href":"https:\/\/logistics.tech\/en\/wp-json\/wp\/v2\/dipi_cpt_category?post=328286"},{"taxonomy":"wf_page_folders","embeddable":true,"href":"https:\/\/logistics.tech\/en\/wp-json\/wp\/v2\/wf_page_folders?post=328286"}],"curies":[{"name":"wp","href":"https:\/\/api.w.org\/{rel}","templated":true}]}}