

{"id":328290,"date":"2024-03-27T21:36:39","date_gmt":"2024-03-27T20:36:39","guid":{"rendered":"https:\/\/maquette.logistics.tech\/?page_id=328290"},"modified":"2025-05-23T17:15:30","modified_gmt":"2025-05-23T15:15:30","slug":"politique-de-confidentialite","status":"publish","type":"page","link":"https:\/\/logistics.tech\/en\/politique-de-confidentialite\/","title":{"rendered":"PRIVACY POLICY"},"content":{"rendered":"<p>[et_pb_section fb_built=&#8221;1&#8243; _builder_version=&#8221;4.22.2&#8243; _module_preset=&#8221;default&#8221; background_color=&#8221;RGBA(255,255,255,0)&#8221; global_colors_info=&#8221;{}&#8221;][et_pb_row _builder_version=&#8221;4.22.2&#8243; _module_preset=&#8221;default&#8221; global_colors_info=&#8221;{}&#8221;][et_pb_column type=&#8221;4_4&#8243; _builder_version=&#8221;4.22.2&#8243; _module_preset=&#8221;default&#8221; global_colors_info=&#8221;{}&#8221;][digr_gradient_text suffix_title=&#8221;POLITIQUE DE CONFIDENTIALIT\u00c9&#8221; use_gradient_color=&#8221;on&#8221; select_gradient_text=&#8221;suffix_gradient_text&#8221; primary_color=&#8221;gcid-a345859c-7956-4f01-a790-ff47f188416f&#8221; primary_color_location=&#8221;13&#8243; secondary_color=&#8221;gcid-c979a965-baee-479a-b9c8-544bf95dd4db&#8221; secondary_color_location=&#8221;78&#8243; angle=&#8221;149&#8243; use_animation=&#8221;on&#8221; select_animation_field=&#8221;suffix_anim&#8221; animation_type=&#8221;digrLoop&#8221; infix_margin_tablet=&#8221;&#8221; infix_margin_phone=&#8221;0px|0px|0px|0px|true|true&#8221; infix_margin_last_edited=&#8221;on|phone&#8221; infix_padding=&#8221;0px|0px|0px|0px|true|false&#8221; suffix_margin=&#8221;0px||0px||false|false&#8221; suffix_padding=&#8221;0px||0px||false|false&#8221; _builder_version=&#8221;4.22.2&#8243; _module_preset=&#8221;default&#8221; global_heading_font=&#8221;Montserrat|900||on|||||&#8221; global_heading_font_size=&#8221;2.6vw&#8221; global_heading_line_height=&#8221;1.2em&#8221; prefix_header_text_color=&#8221;gcid-a345859c-7956-4f01-a790-ff47f188416f&#8221; infix_header_text_color=&#8221;gcid-a345859c-7956-4f01-a790-ff47f188416f&#8221; custom_padding=&#8221;5%||4%||false|false&#8221; animation_style=&#8221;fade&#8221; global_heading_font_size_tablet=&#8221;2.6vw&#8221; global_heading_font_size_phone=&#8221;8vw&#8221; global_heading_font_size_last_edited=&#8221;on|phone&#8221; border_color_all_prefix_border=&#8221;gcid-a345859c-7956-4f01-a790-ff47f188416f&#8221; border_color_all_infix_border=&#8221;gcid-a345859c-7956-4f01-a790-ff47f188416f&#8221; locked=&#8221;off&#8221; global_colors_info=&#8221;{%22gcid-c979a965-baee-479a-b9c8-544bf95dd4db%22:%91%22secondary_color%22%93,%22gcid-a345859c-7956-4f01-a790-ff47f188416f%22:%91%22border_color_all_prefix_border%22,%22border_color_all_infix_border%22,%22prefix_header_text_color%22,%22infix_header_text_color%22,%22primary_color%22%93}&#8221;][\/digr_gradient_text][et_pb_text _builder_version=&#8221;4.22.2&#8243; _module_preset=&#8221;default&#8221; text_font=&#8221;Red Hat Text|300|||||||&#8221; text_font_size=&#8221;21px&#8221; text_line_height=&#8221;1.8em&#8221; global_colors_info=&#8221;{}&#8221;]<\/p>\n<p>This Privacy Policy was last updated on 18 March 2024.<br \/>LOGISTICS SAS places significant importance on protecting the personal data you may transmit to us when using the website www.LOGISTICS.tech.<\/p>\n<p>&nbsp;<\/p>\n<p><strong>1. INTRODUCTION<\/strong><\/p>\n<p>This Privacy Policy aims to inform you about how LOGISTICS SAS collects, uses, and processes your data, as well as your rights regarding their use.<br \/>It also informs you about your privacy rights and how the law protects you.<br \/>This Privacy Policy may be modified or supplemented by LOGISTICS SAS at any time, notably to comply with legislative, regulatory, judicial, or technological developments.<br \/>The date of its latest update will be clearly indicated at the top of this policy. Such modifications will be binding upon you once published online.<br \/>Therefore, you should regularly consult this Privacy Policy to stay informed about potential changes. We will neither use nor share your personal data with anyone except as described in this Privacy Policy.<br \/>By using the website www.logistics.tech, you consent freely to the collection and use of information in accordance with this Privacy Policy.<br \/>By using the website www.logistics.tech, you consent freely to the collection and use of information in accordance with this Privacy Policy.<br \/>This Privacy Policy supplements the legal notices (www.logistics.tech\/mentions-legales\/) and terms of use (www.logistics.tech\/mentions-legales\/).<br \/>LOGISTICS SAS undertakes to comply with the provisions of Law No. 78-17 of 6 January 1978 relating to data processing, files, and freedoms as amended, and Regulation (EU) 2016\/679 of the European Parliament and Council dated 27 April 2016 (\"GDPR\"), and commits to taking all necessary precautions to ensure the security of personal data entrusted to it.<\/p>\n<p>&nbsp;<\/p>\n<p><strong>2. DATA CONTROLLER<\/strong><\/p>\n<p>LOGISTICS SAS is the data controller for this website and for all personal data processing conducted by or on behalf of LOGISTICS SAS.<\/p>\n<p>&nbsp;<\/p>\n<p><strong>3. HOW ARE YOUR PERSONAL DATA COLLECTED?<\/strong><\/p>\n<p>We use various methods to collect data about you: direct interactions (a), automated technologies or interactions (b), and third parties or publicly accessible sources (c).<\/p>\n<p>a) Direct interactions<br \/>You may provide your identity, contact details, and other data by filling out forms or by corresponding with us by post, phone, email, chat, or social media.<br \/>This includes personal data provided when you :<br \/>\u2013 use contact forms on our websites ;<br \/>\u2013 subscribe to newsletters or request free products sent via email ;<br \/>\u2013 communicate with customer service ;<br \/>\u2013 create an account on our website ;<br \/>\u2013 order our products or services ;<br \/>\u2013 engage with us on social media ;<br \/>\u2013 request information or notifications ;<br \/>\u2013 participate in contests or surveys ;<br \/>\u2013 leave comments or reviews on our products or services.<\/p>\n<p>b) Automated technologies or interactions<br \/>When you interact with us, including via www.logistics.tech, we may automatically collect technical data about your equipment, browsing actions, and patterns. We may also collect tracking data regarding your use of our website.<\/p>\n<p>c) Third parties or publicly accessible sources<br \/>We may receive personal data about you from various third parties, including:<br \/>\u2013 technical and\/or tracking data from analytics providers, advertising networks, and search information providers ;<br \/>\u2013 contact, financial, and transaction data from payment service providers and fraud prevention services ;<br \/>&#8211; identit\u00e9 et coordonn\u00e9es des partenaires de donn\u00e9es ;<br \/>\u2013 data from any third party legally authorised or permitted by you to share your personal data with us, for example through social media or review sites.<br \/>We will only use your personal data when permitted by law.<\/p>\n<p>&nbsp;<\/p>\n<p><strong>4. RECIPIENTS<\/strong><\/p>\n<p>Your personal data are stored primarily on servers located within the European Union.<br \/>Only LOGISTICS SAS is the recipient of your personal information.<br \/>Your personal data, whether individually or aggregated, are never transmitted to a third party, except subcontractors engaged by LOGISTICS SAS who themselves are subject to obligations providing protection equivalent to that required in Europe under GDPR for European citizens\u2019 personal data.<br \/>Neither LOGISTICS SAS nor any of its subcontractors commercially exploit your personal data.<br \/>However, data may be disclosed pursuant to a law, regulation, or by decision of a competent regulatory or judicial authority.<br \/>In case of mergers, acquisitions, or other asset transfers, we undertake to obtain your prior consent before transferring your personal data and to maintain the confidentiality level to which you consented.<\/p>\n<p>&nbsp;<\/p>\n<p><strong>5. INFORMATION WE COLLECT AND HOW WE USE IT<\/strong><\/p>\n<p>We collect certain information about our users in two ways: information directly provided by users and through cookies, including responses to surveys and questionnaires.<\/p>\n<p>a) Personal Information Provided by Users<br \/>When visiting our website www.logisstics.tech, you may be asked to register for services such as newsletters.<br \/>Upon registration, we request personal information such as your name, address, email, and other relevant details.<br \/>We will not disclose your identifiable personal information to third parties without your permission, except :<br \/>\u2013 to fulfil service requests for products or services ;<br \/>\u2013 to protect ourselves, our clients, or suppliers from liability, or defend our rights including fraud or misconduct investigations ;<br \/>\u2013 to third parties who have agreed in writing to keep such information confidential and use it solely for providing services to us ;<br \/>\u2013 to respond to legal procedures or comply with the law, including subpoenas, when we deem necessary to comply with law enforcement requests or to protect site security ;<br \/>\u2013 to entities under common ownership or control, or in a merger, acquisition, or liquidation context.<br \/>We do not collect sensitive personal data (ethnicity, beliefs, sexuality, politics, health, genetic or biometric data), nor information on criminal convictions.<br \/>-<br \/>Please note that if you choose not to provide personal data or refuse certain contact permissions, we may be unable to fulfil your requests or provide ordered or requested services.<\/p>\n<p>b) Use of Cookies<br \/>We use cookies to enhance our services and your user experience.<br \/>Cookies facilitate subsequent navigation and help measure site traffic.<br \/>Information collected via cookies does not personally identify you. It is exclusively used internally to improve interactivity and site performance and to provide tailored content.<br \/>What is a cookie?\nA cookie is a small text file placed on your hard drive by a web page server, which may contain a unique anonymous identifier. Cookies are sent to your browser from a website and stored on your device. They cannot be used to run programs or deliver viruses to your computer. Each cookie is uniquely assigned to you and can only be read by a web server in the domain that issued the cookie to you.<br \/>-<br \/>-<br \/>-<br \/>-<br \/>-<br \/>-<br \/>-<br \/>-<br \/>-<br \/>-<br \/>-<\/p>\n<p>c) Google Analytics<br \/>LOGISTICS SAS uses Google Analytics to collect site usage data. Cookies are utilised by Google Analytics for this purpose.<br \/>Cookies are utilised by Google Analytics for this purpose.<br \/>Google\u2019s data processing update to comply with new regulations can be reviewed at: Google Analytics.<br \/>We commit to anonymizing collected data and disabling data sharing.<\/p>\n<p>&nbsp;<\/p>\n<p><strong>6. USE OF WEB BEACONS<\/strong><\/p>\n<p class=\"translation-block\">Our web pages may include electronic images known as web beacons or pixels, enabling us to count visitors and deliver co-branded services. These may also be included in promotional emails to determine if messages have been opened. Third-party providers may use these beacons to track ad campaign effectiveness anonymously.<\/p>\n<p>&nbsp;<\/p>\n<p><strong>7. COMMUNICATIONS<\/strong><\/p>\n<p class=\"translation-block\">We may use your data to communicate marketing materials relevant to your interests via email, social media, or SMS. You can unsubscribe at any time using the link provided in communications.<\/p>\n<p>&nbsp;<\/p>\n<p><strong>8. DATA SECURITY<\/strong><\/p>\n<p class=\"translation-block\">We employ commercially reasonable security measures to protect your personal data. However, no method of electronic storage or transmission is 100% secure.<\/p>\n<p>&nbsp;<\/p>\n<p><strong>9. YOUR RIGHTS<\/strong><\/p>\n<p class=\"translation-block\">EU residents have rights under data protection laws including access, rectification, erasure, restriction, portability, and objection rights. You may exercise these rights by contacting us (see section 11 below). You can lodge complaints with CNIL (https:\/\/www.cnil.fr), but we encourage contacting us first.<\/p>\n<p>&nbsp;<\/p>\n<p><strong>10. DATA RETENTION PERIOD<\/strong><\/p>\n<p class=\"translation-block\">Unless required otherwise by law, LOGISTICS SAS retains personal data for a maximum of three years following last contact.<\/p>\n<p>&nbsp;<\/p>\n<p><strong>11. CONTACT US<\/strong><\/p>\n<p>For questions or to exercise your rights, email roxane.nomine@logistics.tech or write to us directly.<\/p>\n<p>LOGISTICS SAS<br \/>7 rue Michel Labrousse \u00b7 31100 Toulouse FRANCE<\/p>\n<p>[\/et_pb_text][\/et_pb_column][\/et_pb_row][\/et_pb_section]<\/p>","protected":false},"excerpt":{"rendered":"<p><div class=\"et_pb_with_border et_pb_module digr_gradient_text digr_gradient_text_0 et_animated\">\n\t\t\t\t\n\t\t\t\t\n\t\t\t\t\n\t\t\t\t\n\t\t\t\t\n\t\t\t\t\n\t\t\t\t<div class=\"et_pb_module_inner\">\n\t\t\t\t\t<div class=\"digr_gradient_text_container\">\r\n                <h2 class=\"digr_gradient_title digrLoop\">\r\n            <span class =\"suffix\"><span class =\"digr_gradient_text__header digrgt_animation\">PRIVACY POLICY<\/span><\/span>\r\n            <\/h2>\r\n            <\/div>\n\t\t\t\t<\/div>\n\t\t\t<\/div>Cette politique de confidentialit\u00e9 a \u00e9t\u00e9 mise \u00e0 jour pour la derni\u00e8re fois le 18 mars 2024.LOGISTICS accorde une importance [&hellip;]<\/p>","protected":false},"author":1,"featured_media":0,"parent":0,"menu_order":0,"comment_status":"closed","ping_status":"closed","template":"","meta":{"_acf_changed":false,"_et_pb_use_builder":"on","_et_pb_old_content":"","_et_gb_content_width":"","inline_featured_image":false,"footnotes":""},"dipi_cpt_category":[],"wf_page_folders":[],"class_list":["post-328290","page","type-page","status-publish","hentry"],"acf":[],"_links":{"self":[{"href":"https:\/\/logistics.tech\/en\/wp-json\/wp\/v2\/pages\/328290","targetHints":{"allow":["GET"]}}],"collection":[{"href":"https:\/\/logistics.tech\/en\/wp-json\/wp\/v2\/pages"}],"about":[{"href":"https:\/\/logistics.tech\/en\/wp-json\/wp\/v2\/types\/page"}],"author":[{"embeddable":true,"href":"https:\/\/logistics.tech\/en\/wp-json\/wp\/v2\/users\/1"}],"replies":[{"embeddable":true,"href":"https:\/\/logistics.tech\/en\/wp-json\/wp\/v2\/comments?post=328290"}],"version-history":[{"count":9,"href":"https:\/\/logistics.tech\/en\/wp-json\/wp\/v2\/pages\/328290\/revisions"}],"predecessor-version":[{"id":597061,"href":"https:\/\/logistics.tech\/en\/wp-json\/wp\/v2\/pages\/328290\/revisions\/597061"}],"wp:attachment":[{"href":"https:\/\/logistics.tech\/en\/wp-json\/wp\/v2\/media?parent=328290"}],"wp:term":[{"taxonomy":"dipi_cpt_category","embeddable":true,"href":"https:\/\/logistics.tech\/en\/wp-json\/wp\/v2\/dipi_cpt_category?post=328290"},{"taxonomy":"wf_page_folders","embeddable":true,"href":"https:\/\/logistics.tech\/en\/wp-json\/wp\/v2\/wf_page_folders?post=328290"}],"curies":[{"name":"wp","href":"https:\/\/api.w.org\/{rel}","templated":true}]}}