

{"id":596415,"date":"2024-10-14T15:12:38","date_gmt":"2024-10-14T13:12:38","guid":{"rendered":"https:\/\/logistics.tech\/?page_id=596415"},"modified":"2025-05-23T15:54:33","modified_gmt":"2025-05-23T13:54:33","slug":"politique-cookies","status":"publish","type":"page","link":"https:\/\/logistics.tech\/en\/politique-cookies\/","title":{"rendered":"POLITIQUE COOKIES"},"content":{"rendered":"<p>[et_pb_section fb_built=&#8221;1&#8243; _builder_version=&#8221;4.22.2&#8243; _module_preset=&#8221;default&#8221; background_color=&#8221;RGBA(255,255,255,0)&#8221; global_colors_info=&#8221;{}&#8221;][et_pb_row _builder_version=&#8221;4.22.2&#8243; _module_preset=&#8221;default&#8221; global_colors_info=&#8221;{}&#8221;][et_pb_column type=&#8221;4_4&#8243; _builder_version=&#8221;4.22.2&#8243; _module_preset=&#8221;default&#8221; global_colors_info=&#8221;{}&#8221;][digr_gradient_text suffix_title=&#8221;POLITIQUE RELATIVE AUX COOKIES&#8221; use_gradient_color=&#8221;on&#8221; select_gradient_text=&#8221;suffix_gradient_text&#8221; primary_color=&#8221;gcid-a345859c-7956-4f01-a790-ff47f188416f&#8221; primary_color_location=&#8221;13&#8243; secondary_color=&#8221;gcid-c979a965-baee-479a-b9c8-544bf95dd4db&#8221; secondary_color_location=&#8221;78&#8243; angle=&#8221;149&#8243; use_animation=&#8221;on&#8221; select_animation_field=&#8221;suffix_anim&#8221; animation_type=&#8221;digrLoop&#8221; infix_margin_tablet=&#8221;&#8221; infix_margin_phone=&#8221;0px|0px|0px|0px|true|true&#8221; infix_margin_last_edited=&#8221;on|phone&#8221; infix_padding=&#8221;0px|0px|0px|0px|true|false&#8221; suffix_margin=&#8221;0px||0px||false|false&#8221; suffix_padding=&#8221;0px||0px||false|false&#8221; _builder_version=&#8221;4.22.2&#8243; _module_preset=&#8221;default&#8221; global_heading_font=&#8221;Montserrat|900||on|||||&#8221; global_heading_font_size=&#8221;2.6vw&#8221; global_heading_line_height=&#8221;1.2em&#8221; prefix_header_text_color=&#8221;gcid-a345859c-7956-4f01-a790-ff47f188416f&#8221; infix_header_text_color=&#8221;gcid-a345859c-7956-4f01-a790-ff47f188416f&#8221; custom_padding=&#8221;5%||4%||false|false&#8221; animation_style=&#8221;fade&#8221; global_heading_font_size_tablet=&#8221;2.6vw&#8221; global_heading_font_size_phone=&#8221;8vw&#8221; global_heading_font_size_last_edited=&#8221;on|phone&#8221; border_color_all_prefix_border=&#8221;gcid-a345859c-7956-4f01-a790-ff47f188416f&#8221; border_color_all_infix_border=&#8221;gcid-a345859c-7956-4f01-a790-ff47f188416f&#8221; locked=&#8221;off&#8221; global_colors_info=&#8221;{%22gcid-c979a965-baee-479a-b9c8-544bf95dd4db%22:%91%22secondary_color%22%93,%22gcid-a345859c-7956-4f01-a790-ff47f188416f%22:%91%22border_color_all_prefix_border%22,%22border_color_all_infix_border%22,%22prefix_header_text_color%22,%22infix_header_text_color%22,%22primary_color%22%93}&#8221;][\/digr_gradient_text][et_pb_text _builder_version=&#8221;4.22.2&#8243; _module_preset=&#8221;default&#8221; text_font=&#8221;Red Hat Text|300|||||||&#8221; text_font_size=&#8221;21px&#8221; text_line_height=&#8221;1.8em&#8221; custom_margin=&#8221;||-1px|||&#8221; global_colors_info=&#8221;{}&#8221;]<\/p>\n<p>This Cookie Policy was last updated on 14 October 2024.<\/p>\n<p>&nbsp;<\/p>\n<p><strong>1. WHAT ARE COOKIES?<\/strong><\/p>\n<p>This Cookie Policy explains what cookies are, how we use them, the types of cookies we utilise (i.e., the information we collect via cookies and how this information is used), and how you can manage cookie settings.<br \/>Cookies are small text files used to store minor amounts of information. They are stored on your device when the website loads in your browser. These cookies help us ensure the proper functioning of the site, enhance site security, provide an improved user experience, and help us understand how the website performs, enabling us to analyse what works well and what requires improvement.<\/p>\n<p>&nbsp;<\/p>\n<p><strong>2. HOW DO WE USE COOKIES?<\/strong><\/p>\n<p>Like most online services, our website uses both first-party and third-party cookies for various purposes. First-party cookies are primarily essential for the website to function correctly and do not collect any personally identifiable data.<br \/>Third-party cookies used on our website are mainly employed to understand website performance, how you interact with the website, maintain the security of our services, provide relevant advertisements to you, and overall, deliver an enhanced user experience while speeding up your future interactions with our website.<\/p>\n<p>&nbsp;<\/p>\n<p><strong>3. MANAGING COOKIE PREFERENCES<\/strong><\/p>\n<p>You can change your cookie preferences at any time by clicking on the button above. This will allow you to revisit the cookie consent banner and adjust your preferences or withdraw your consent immediately.<br \/>Moreover, different browsers provide various methods for blocking and deleting cookies used by websites. You can alter your browser settings to block\/delete cookies. Below are links to the support documents for managing and deleting cookies from major web browsers:<\/p>\n<p>Chrome: https:\/\/support.google.com\/accounts\/answer\/32050<br \/>Safari: https:\/\/support.apple.com\/en-in\/guide\/safari\/sfri11471\/mac<br \/>Firefox: https:\/\/support.mozilla.org\/en-US\/kb\/clear-cookies-and-site-data-firefox Internet<br \/>Internet Explorer: https:\/\/support.microsoft.com\/en-gb\/topic\/how-to-delete-cookie-files-in-internet-explorer-bca9446f-d873-78de-77ba-d42645fa52fc<br \/>If you use another web browser, please consult your browser's official support documentation.<\/p>\n<p>&nbsp;<\/p>\n<p>[\/et_pb_text][et_pb_button button_url=&#8221;#&#8221; button_text=&#8221;PR\u00c9FERENCES COOKIES&#8221; module_class=&#8221;cky-banner-element&#8221; _builder_version=&#8221;4.22.2&#8243; _module_preset=&#8221;default&#8221; custom_button=&#8221;on&#8221; button_text_color=&#8221;gcid-c979a965-baee-479a-b9c8-544bf95dd4db&#8221; button_border_radius=&#8221;17px&#8221; custom_margin=&#8221;||81px|||&#8221; global_colors_info=&#8221;{%22gcid-c979a965-baee-479a-b9c8-544bf95dd4db%22:%91%22button_text_color%22%93}&#8221;][\/et_pb_button][et_pb_text _builder_version=&#8221;4.22.2&#8243; _module_preset=&#8221;default&#8221; text_font=&#8221;Red Hat Text|300|||||||&#8221; text_font_size=&#8221;21px&#8221; text_line_height=&#8221;1.8em&#8221; global_colors_info=&#8221;{}&#8221;]<\/p>\n<p><strong>4. COOKIE PREFERENCES<\/strong><\/p>\n<p>If you have any questions about our Cookie Policy, or if you wish to exercise any of your rights, please email us at roxane.nomine@logistics.tech or write to us at the following address:<\/p>\n<p>LOGISTICS SAS<br \/>7 rue Michel Labrousse \u00b7 31100 Toulouse FRANCE<\/p>\n<p>[\/et_pb_text][\/et_pb_column][\/et_pb_row][\/et_pb_section]<\/p>","protected":false},"excerpt":{"rendered":"<p><div class=\"et_pb_with_border et_pb_module digr_gradient_text digr_gradient_text_0 et_animated\">\n\t\t\t\t\n\t\t\t\t\n\t\t\t\t\n\t\t\t\t\n\t\t\t\t\n\t\t\t\t\n\t\t\t\t<div class=\"et_pb_module_inner\">\n\t\t\t\t\t<div class=\"digr_gradient_text_container\">\r\n                <h2 class=\"digr_gradient_title digrLoop\">\r\n            <span class =\"suffix\"><span class =\"digr_gradient_text__header digrgt_animation\">COOKIE POLICY<\/span><\/span>\r\n            <\/h2>\r\n            <\/div>\n\t\t\t\t<\/div>\n\t\t\t<\/div>Cette politique relative aux cookies a \u00e9t\u00e9 mise \u00e0 jour pour la derni\u00e8re fois le 14 octobre 2024. &nbsp; [&hellip;]<\/p>","protected":false},"author":1,"featured_media":0,"parent":0,"menu_order":0,"comment_status":"closed","ping_status":"closed","template":"","meta":{"_acf_changed":false,"_et_pb_use_builder":"on","_et_pb_old_content":"","_et_gb_content_width":"","inline_featured_image":false,"footnotes":""},"dipi_cpt_category":[],"wf_page_folders":[],"class_list":["post-596415","page","type-page","status-publish","hentry"],"acf":[],"_links":{"self":[{"href":"https:\/\/logistics.tech\/en\/wp-json\/wp\/v2\/pages\/596415","targetHints":{"allow":["GET"]}}],"collection":[{"href":"https:\/\/logistics.tech\/en\/wp-json\/wp\/v2\/pages"}],"about":[{"href":"https:\/\/logistics.tech\/en\/wp-json\/wp\/v2\/types\/page"}],"author":[{"embeddable":true,"href":"https:\/\/logistics.tech\/en\/wp-json\/wp\/v2\/users\/1"}],"replies":[{"embeddable":true,"href":"https:\/\/logistics.tech\/en\/wp-json\/wp\/v2\/comments?post=596415"}],"version-history":[{"count":12,"href":"https:\/\/logistics.tech\/en\/wp-json\/wp\/v2\/pages\/596415\/revisions"}],"predecessor-version":[{"id":597056,"href":"https:\/\/logistics.tech\/en\/wp-json\/wp\/v2\/pages\/596415\/revisions\/597056"}],"wp:attachment":[{"href":"https:\/\/logistics.tech\/en\/wp-json\/wp\/v2\/media?parent=596415"}],"wp:term":[{"taxonomy":"dipi_cpt_category","embeddable":true,"href":"https:\/\/logistics.tech\/en\/wp-json\/wp\/v2\/dipi_cpt_category?post=596415"},{"taxonomy":"wf_page_folders","embeddable":true,"href":"https:\/\/logistics.tech\/en\/wp-json\/wp\/v2\/wf_page_folders?post=596415"}],"curies":[{"name":"wp","href":"https:\/\/api.w.org\/{rel}","templated":true}]}}